{"id":1676,"date":"2022-09-15T15:56:57","date_gmt":"2022-09-15T13:56:57","guid":{"rendered":"https:\/\/www.pointe-saint-mathieu.com\/?page_id=1676"},"modified":"2022-10-04T16:27:37","modified_gmt":"2022-10-04T14:27:37","slug":"site-map","status":"publish","type":"page","link":"https:\/\/www.pointe-saint-mathieu.com\/en\/plan-du-site\/","title":{"rendered":"Site map"},"content":{"rendered":"<div data-elementor-type=\"wp-page\" data-elementor-id=\"1676\" class=\"elementor elementor-1676\" data-elementor-post-type=\"page\">\n\t\t\t\t\t\t<section class=\"elementor-section elementor-top-section elementor-element elementor-element-8d737ff elementor-section-full_width elementor-section-height-default elementor-section-height-default\" data-id=\"8d737ff\" data-element_type=\"section\" data-e-type=\"section\" data-settings=\"{&quot;background_background&quot;:&quot;classic&quot;}\">\n\t\t\t\t\t\t\t<div class=\"elementor-background-overlay\"><\/div>\n\t\t\t\t\t\t\t<div class=\"elementor-container elementor-column-gap-default\">\n\t\t\t\t\t<div class=\"elementor-column elementor-col-100 elementor-top-column elementor-element elementor-element-fffd298\" data-id=\"fffd298\" data-element_type=\"column\" data-e-type=\"column\">\n\t\t\t<div class=\"elementor-widget-wrap elementor-element-populated\">\n\t\t\t\t\t\t<section class=\"elementor-section elementor-inner-section elementor-element elementor-element-efaa533 elementor-section-full_width elementor-section-height-default elementor-section-height-default\" data-id=\"efaa533\" data-element_type=\"section\" data-e-type=\"section\" data-settings=\"{&quot;background_background&quot;:&quot;classic&quot;}\">\n\t\t\t\t\t\t\t<div class=\"elementor-background-overlay\"><\/div>\n\t\t\t\t\t\t\t<div class=\"elementor-container elementor-column-gap-default\">\n\t\t\t\t\t<div class=\"elementor-column elementor-col-100 elementor-inner-column elementor-element elementor-element-759ff2c\" data-id=\"759ff2c\" data-element_type=\"column\" data-e-type=\"column\">\n\t\t\t<div class=\"elementor-widget-wrap elementor-element-populated\">\n\t\t\t\t\t\t<div class=\"elementor-element elementor-element-2f7a136 elementor-widget elementor-widget-theme-post-title elementor-page-title elementor-widget-heading\" data-id=\"2f7a136\" data-element_type=\"widget\" data-e-type=\"widget\" data-widget_type=\"theme-post-title.default\">\n\t\t\t\t<div class=\"elementor-widget-container\">\n\t\t\t\t\t<h1 class=\"elementor-heading-title elementor-size-default\">Site map<\/h1>\t\t\t\t<\/div>\n\t\t\t\t<\/div>\n\t\t\t\t\t<\/div>\n\t\t<\/div>\n\t\t\t\t\t<\/div>\n\t\t<\/section>\n\t\t\t\t<section class=\"elementor-section elementor-inner-section elementor-element elementor-element-fdc9474 elementor-section-boxed elementor-section-height-default elementor-section-height-default\" data-id=\"fdc9474\" data-element_type=\"section\" data-e-type=\"section\">\n\t\t\t\t\t\t<div class=\"elementor-container elementor-column-gap-default\">\n\t\t\t\t\t<div class=\"elementor-column elementor-col-100 elementor-inner-column elementor-element elementor-element-475cb12\" data-id=\"475cb12\" data-element_type=\"column\" data-e-type=\"column\">\n\t\t\t<div class=\"elementor-widget-wrap elementor-element-populated\">\n\t\t\t\t\t\t<div class=\"elementor-element elementor-element-1830b54 elementor-widget elementor-widget-text-editor\" data-id=\"1830b54\" data-element_type=\"widget\" data-e-type=\"widget\" data-widget_type=\"text-editor.default\">\n\t\t\t\t<div class=\"elementor-widget-container\">\n\t\t\t\t\t\t\t\t\tThe 4-star Hostellerie de la Pointe Saint Mathieu is located at the tip of Brittany, facing the islands of Ouessant and Mol\u00e8ne. With a gourmet restaurant, a spa and 3 meeting rooms, it offers a unique setting to recharge your batteries in Finist\u00e8re. Visit our \"Home\" page to find out more:\t\t\t\t\t\t\t\t<\/div>\n\t\t\t\t<\/div>\n\t\t\t\t<div class=\"elementor-element elementor-element-3265b7f elementor-widget elementor-widget-sitemap\" data-id=\"3265b7f\" data-element_type=\"widget\" data-e-type=\"widget\" data-widget_type=\"sitemap.default\">\n\t\t\t\t<div class=\"elementor-widget-container\">\n\t\t\t\t\t<div class=\"elementor-sitemap-wrap\"><div class=\"elementor-sitemap-section\"><h2 class=\"elementor-sitemap-title elementor-sitemap-page-title\">Pages<\/h2><ul class=\"elementor-sitemap-list elementor-sitemap-page-list\"><li class=\"elementor-sitemap-item elementor-sitemap-item-page page_item page-item-32\"><a href=\"https:\/\/www.pointe-saint-mathieu.com\/en\/\">Our house - Hostellerie de la Pointe Saint Mathieu<\/a><\/li><li class=\"elementor-sitemap-item elementor-sitemap-item-page page_item page-item-169\"><a href=\"https:\/\/www.pointe-saint-mathieu.com\/en\/chambres-suites-pointe-st-mathieu\/\">Rooms &amp; Suites - Pointe st mathieu<\/a><\/li><li class=\"elementor-sitemap-item elementor-sitemap-item-page page_item page-item-171\"><a href=\"https:\/\/www.pointe-saint-mathieu.com\/en\/restaurant-pointe-st-mathieu\/\">Gastronomic restaurant Pointe St Mathieu<\/a><\/li><li class=\"elementor-sitemap-item elementor-sitemap-item-page page_item page-item-175\"><a href=\"https:\/\/www.pointe-saint-mathieu.com\/en\/pointe-saint-mathieu-spa\/\">Pointe saint mathieu Spa Nuxe<\/a><\/li><li class=\"elementor-sitemap-item elementor-sitemap-item-page page_item page-item-177\"><a href=\"https:\/\/www.pointe-saint-mathieu.com\/en\/la-maison-du-phare-pointe-saint-mathieu-restaurant\/\">La Maison du Phare - Pointe Saint Mathieu restaurant<\/a><\/li><li class=\"elementor-sitemap-item elementor-sitemap-item-page page_item page-item-179\"><a href=\"https:\/\/www.pointe-saint-mathieu.com\/en\/nos-autres-etablissements-hostellerie-pointe-saint-mathieu\/\">Our other establishments - Hostellerie Pointe Saint Mathieu<\/a><\/li><li class=\"elementor-sitemap-item elementor-sitemap-item-page page_item page-item-181\"><a href=\"https:\/\/www.pointe-saint-mathieu.com\/en\/seminaires-hotel-pointe-saint-mathieu\/\">Seminars - Hotel Pointe Saint Mathieu<\/a><\/li><li class=\"elementor-sitemap-item elementor-sitemap-item-page page_item page-item-183\"><a href=\"https:\/\/www.pointe-saint-mathieu.com\/en\/experiences-hostellerie-de-la-pointe-st-mathieu\/\">Experiences - Hostellerie de la Pointe St Mathieu<\/a><\/li><li class=\"elementor-sitemap-item elementor-sitemap-item-page page_item page-item-173\"><a href=\"https:\/\/www.pointe-saint-mathieu.com\/en\/bistrot-1954\/\">Bistro 1954<\/a><\/li><li class=\"elementor-sitemap-item elementor-sitemap-item-page page_item page-item-185\"><a href=\"https:\/\/www.pointe-saint-mathieu.com\/en\/acces-contact\/\">Access &amp; Contact<\/a><\/li><li class=\"elementor-sitemap-item elementor-sitemap-item-page page_item page-item-187\"><a href=\"https:\/\/www.pointe-saint-mathieu.com\/en\/galerie-photos\/\">Photo gallery<\/a><\/li><li class=\"elementor-sitemap-item elementor-sitemap-item-page page_item page-item-189\"><a href=\"https:\/\/www.pointe-saint-mathieu.com\/en\/recrutement\/\">Recruitment<\/a><\/li><li class=\"elementor-sitemap-item elementor-sitemap-item-page page_item page-item-191\"><a href=\"https:\/\/www.pointe-saint-mathieu.com\/en\/mentions-legales\/\">Legal information<\/a><\/li><li class=\"elementor-sitemap-item elementor-sitemap-item-page page_item page-item-193\"><a href=\"https:\/\/www.pointe-saint-mathieu.com\/en\/nos-conditions-dannulation\/\">Our cancellation policy<\/a><\/li><li class=\"elementor-sitemap-item elementor-sitemap-item-page page_item page-item-1676\"><a href=\"https:\/\/www.pointe-saint-mathieu.com\/en\/plan-du-site\/\">Site map<\/a><\/li><li class=\"elementor-sitemap-item elementor-sitemap-item-page page_item page-item-3690\"><a href=\"https:\/\/www.pointe-saint-mathieu.com\/en\/pointe-saint-mathieu-spa\/carte-des-soins\/\">Care map<\/a><\/li><li class=\"elementor-sitemap-item elementor-sitemap-item-page page_item page-item-4403\"><a href=\"https:\/\/www.pointe-saint-mathieu.com\/en\/experiences-hostellerie-de-la-pointe-st-mathieu\/la-pointe-saint-mathieu\/\">Saint Matthew's Point<\/a><\/li><li class=\"elementor-sitemap-item elementor-sitemap-item-page page_item page-item-4405\"><a href=\"https:\/\/www.pointe-saint-mathieu.com\/en\/experiences-hostellerie-de-la-pointe-st-mathieu\/le-conquet-bretagne-plougonvelin\/\">Le Conquet Bretagne &amp; Plougonvelin<\/a><\/li><li class=\"elementor-sitemap-item elementor-sitemap-item-page page_item page-item-4407\"><a href=\"https:\/\/www.pointe-saint-mathieu.com\/en\/experiences-hostellerie-de-la-pointe-st-mathieu\/activite-brest\/\">Activity Brest<\/a><\/li><li class=\"elementor-sitemap-item elementor-sitemap-item-page page_item page-item-4409\"><a href=\"https:\/\/www.pointe-saint-mathieu.com\/en\/experiences-hostellerie-de-la-pointe-st-mathieu\/la-presqu-ile-de-crozon-que-visiter-a-crozon\/\">The Crozon peninsula - What to visit in Crozon<\/a><\/li><li class=\"elementor-sitemap-item elementor-sitemap-item-page page_item page-item-4411\"><a href=\"https:\/\/www.pointe-saint-mathieu.com\/en\/experiences-hostellerie-de-la-pointe-st-mathieu\/visiter-ouessant-molene\/\">Visit Ushant &amp; Mol\u00e8ne<\/a><\/li><li class=\"elementor-sitemap-item elementor-sitemap-item-page page_item page-item-4413\"><a href=\"https:\/\/www.pointe-saint-mathieu.com\/en\/experiences-hostellerie-de-la-pointe-st-mathieu\/activites-insolite-en-bretagne\/\">Unusual activities in Brittany<\/a><\/li><li class=\"elementor-sitemap-item elementor-sitemap-item-page page_item page-item-4415\"><a href=\"https:\/\/www.pointe-saint-mathieu.com\/en\/experiences-hostellerie-de-la-pointe-st-mathieu\/archipel-de-molene-excursion\/\">Molene Archipelago excursion<\/a><\/li><li class=\"elementor-sitemap-item elementor-sitemap-item-page page_item page-item-4417\"><a href=\"https:\/\/www.pointe-saint-mathieu.com\/en\/experiences-hostellerie-de-la-pointe-st-mathieu\/la-culture-a-landerneau-exposition-landerneau\/\">Culture in Landerneau - Exhibition Landerneau<\/a><\/li><li class=\"elementor-sitemap-item elementor-sitemap-item-page page_item page-item-4923\"><a href=\"https:\/\/www.pointe-saint-mathieu.com\/en\/bistrot-1954\/menu-bistrot-1954\/\">Bistro Menu 1954<\/a><\/li><li class=\"elementor-sitemap-item elementor-sitemap-item-page page_item page-item-5020\"><a href=\"https:\/\/www.pointe-saint-mathieu.com\/en\/restaurant-pointe-st-mathieu\/menu-restaurant-gastronomique\/\">gastronomic restaurant menu<\/a><\/li><\/ul><\/div><\/div>\t\t\t\t<\/div>\n\t\t\t\t<\/div>\n\t\t\t\t\t<\/div>\n\t\t<\/div>\n\t\t\t\t\t<\/div>\n\t\t<\/section>\n\t\t\t\t\t<\/div>\n\t\t<\/div>\n\t\t\t\t\t<\/div>\n\t\t<\/section>\n\t\t\t\t<\/div>","protected":false},"excerpt":{"rendered":"<p>C\u2019est \u00e0 la pointe de la Bretagne, face aux \u00eeles de Ouessant et Mol\u00e8ne que vous accueille l\u2019h\u00f4tel 4 \u00e9toiles l\u2019Hostellerie de la Pointe Saint Mathieu. Dot\u00e9 d\u2019un restaurant gastronomique, d\u2019un spa et de 3 salles de r\u00e9union, il offre un cadre unique pour se ressourcer dans le Finist\u00e8re. Rendez-vous sur notre page \u00ab Accueil [&hellip;]<\/p>\n","protected":false},"author":6,"featured_media":0,"parent":0,"menu_order":2,"comment_status":"closed","ping_status":"closed","template":"","meta":{"inline_featured_image":false,"footnotes":""},"class_list":["post-1676","page","type-page","status-publish","hentry"],"_links":{"self":[{"href":"https:\/\/www.pointe-saint-mathieu.com\/en\/wp-json\/wp\/v2\/pages\/1676","targetHints":{"allow":["GET"]}}],"collection":[{"href":"https:\/\/www.pointe-saint-mathieu.com\/en\/wp-json\/wp\/v2\/pages"}],"about":[{"href":"https:\/\/www.pointe-saint-mathieu.com\/en\/wp-json\/wp\/v2\/types\/page"}],"author":[{"embeddable":true,"href":"https:\/\/www.pointe-saint-mathieu.com\/en\/wp-json\/wp\/v2\/users\/6"}],"replies":[{"embeddable":true,"href":"https:\/\/www.pointe-saint-mathieu.com\/en\/wp-json\/wp\/v2\/comments?post=1676"}],"version-history":[{"count":10,"href":"https:\/\/www.pointe-saint-mathieu.com\/en\/wp-json\/wp\/v2\/pages\/1676\/revisions"}],"predecessor-version":[{"id":6008,"href":"https:\/\/www.pointe-saint-mathieu.com\/en\/wp-json\/wp\/v2\/pages\/1676\/revisions\/6008"}],"wp:attachment":[{"href":"https:\/\/www.pointe-saint-mathieu.com\/en\/wp-json\/wp\/v2\/media?parent=1676"}],"curies":[{"name":"wp","href":"https:\/\/api.w.org\/{rel}","templated":true}]}}