{"id":193,"date":"2022-09-12T11:43:30","date_gmt":"2022-09-12T09:43:30","guid":{"rendered":"https:\/\/www.pointe-saint-mathieu.com\/nos-conditions-dannulation\/"},"modified":"2022-10-04T16:28:40","modified_gmt":"2022-10-04T14:28:40","slug":"unsere-bedingungen-stornierung","status":"publish","type":"page","link":"https:\/\/www.pointe-saint-mathieu.com\/de\/unsere-bedingungen-stornierung\/","title":{"rendered":"Unsere Stornierungsbedingungen"},"content":{"rendered":"<div data-elementor-type=\"wp-page\" data-elementor-id=\"193\" class=\"elementor elementor-193\" data-elementor-post-type=\"page\">\n\t\t\t\t\t\t<section class=\"elementor-section elementor-top-section elementor-element elementor-element-1a0fcaa elementor-section-full_width elementor-section-height-default elementor-section-height-default\" data-id=\"1a0fcaa\" data-element_type=\"section\" data-settings=\"{&quot;background_background&quot;:&quot;classic&quot;}\">\n\t\t\t\t\t\t\t<div class=\"elementor-background-overlay\"><\/div>\n\t\t\t\t\t\t\t<div class=\"elementor-container elementor-column-gap-default\">\n\t\t\t\t\t<div class=\"elementor-column elementor-col-100 elementor-top-column elementor-element elementor-element-ac59014\" data-id=\"ac59014\" data-element_type=\"column\">\n\t\t\t<div class=\"elementor-widget-wrap elementor-element-populated\">\n\t\t\t\t\t\t<section class=\"elementor-section elementor-inner-section elementor-element elementor-element-1e78d75 elementor-section-full_width elementor-section-height-default elementor-section-height-default\" data-id=\"1e78d75\" data-element_type=\"section\" data-settings=\"{&quot;background_background&quot;:&quot;classic&quot;}\">\n\t\t\t\t\t\t\t<div class=\"elementor-background-overlay\"><\/div>\n\t\t\t\t\t\t\t<div class=\"elementor-container elementor-column-gap-default\">\n\t\t\t\t\t<div class=\"elementor-column elementor-col-100 elementor-inner-column elementor-element elementor-element-9b4cfa5\" data-id=\"9b4cfa5\" data-element_type=\"column\">\n\t\t\t<div class=\"elementor-widget-wrap elementor-element-populated\">\n\t\t\t\t\t\t<div class=\"elementor-element elementor-element-418d6d8 elementor-widget elementor-widget-theme-post-title elementor-page-title elementor-widget-heading\" data-id=\"418d6d8\" data-element_type=\"widget\" data-widget_type=\"theme-post-title.default\">\n\t\t\t\t<div class=\"elementor-widget-container\">\n\t\t\t\t\t<h1 class=\"elementor-heading-title elementor-size-default\">Unsere Stornierungsbedingungen<\/h1>\t\t\t\t<\/div>\n\t\t\t\t<\/div>\n\t\t\t\t\t<\/div>\n\t\t<\/div>\n\t\t\t\t\t<\/div>\n\t\t<\/section>\n\t\t\t\t<section class=\"elementor-section elementor-inner-section elementor-element elementor-element-84058ab elementor-section-boxed elementor-section-height-default elementor-section-height-default\" data-id=\"84058ab\" data-element_type=\"section\">\n\t\t\t\t\t\t<div class=\"elementor-container elementor-column-gap-default\">\n\t\t\t\t\t<div class=\"elementor-column elementor-col-100 elementor-inner-column elementor-element elementor-element-a17632c\" data-id=\"a17632c\" data-element_type=\"column\">\n\t\t\t<div class=\"elementor-widget-wrap elementor-element-populated\">\n\t\t\t\t\t\t<div class=\"elementor-element elementor-element-43c1d2c elementor-widget elementor-widget-text-editor\" data-id=\"43c1d2c\" data-element_type=\"widget\" data-widget_type=\"text-editor.default\">\n\t\t\t\t<div class=\"elementor-widget-container\">\n\t\t\t\t\t\t\t\t\t<p>Alle unsere Zimmer sind mit Dusche und\/oder Bad, WC, F\u00f6hn, Flachbildfernseher, Telefon, Wifi, Safe, Minibar und Courtesy-Tablett ausgestattet.<\/p><p>(*) Bad, Wohnzimmer. Angenehmes Zimmer mit Blick auf die Pointe St-Mathieu. Auf Anfrage kann ein Babybett zur Verf\u00fcgung gestellt werden.<\/p><p>(**) Privates Badezimmer mit Dusche, gro\u00dfe Badewanne im Schlafzimmer, Sitzecke und K\u00fchlschrank. Zeitgen\u00f6ssische maritime Dekoration.<br \/>Zusatz- und Babybett m\u00f6glich.<\/p><p>\u00a0<\/p><table class=\"tblTarifs2\"><tbody><tr><td>FR\u00dcHST\u00dcCK ERWACHSENE :<\/td><td>24 \u20ac<\/td><\/tr><tr><td>KINDERFR\u00dcHST\u00dcCK :<\/td><td>12 \u20ac<\/td><\/tr><tr><td>ZUS\u00c4TZLICHE PERSON IM ZIMMER :<\/td><td>20 \u20ac<\/td><\/tr><tr><td>HAUSTIER :<\/td><td>10 \u20ac<\/td><\/tr><\/tbody><\/table><p>Kurtaxe: 1,35 \u20ac pro Tag und pro Erwachsenem<br \/>Kurtaxe: 0.55 \u20ac pro Tag und pro Kind von 13 bis 18 Jahren<\/p><p>\u00a0<\/p><table border=\"0\" cellpadding=\"0\"><tbody><tr><td colspan=\"2\"><p>Halbpension<\/p><p>Abendessen (ohne Getr\u00e4nke) und Fr\u00fchst\u00fcck<\/p><\/td><\/tr><tr><td><p>\u00bd Pension Erwachsener im Bistro 1954 :<\/p><\/td><td><p>56\u20ac<\/p><\/td><\/tr><tr><td><p>Etape-Abend im Standardzimmer und Essen im Bistro :<\/p><\/td><td><p>118\u20ac<\/p><\/td><\/tr><tr><td><p>Abendetappe im Zimmer \"Cot\u00e9 Mer\" und Essen im Bistro :<\/p><\/td><td><p>138\u20ac<\/p><\/td><\/tr><tr><td><p>\u00dcbernachtung Gesch\u00e4ft (Zimmer + Fr\u00fchst\u00fcck) :<\/p><\/td><td><p>99\u20ac<\/p><\/td><\/tr><\/tbody><\/table><p><strong>STORNIERUNG LIVE-RESERVIERUNG<\/strong><\/p><p>\u00a0<\/p><p>Diese Regeln legen die Bedingungen f\u00fcr eine Stornierung fest.<\/p><p>\u00a0<\/p><p><strong>Per Kreditkarte :<\/strong><\/p><p>\u00a0<\/p><p>- Bei Stornierungen oder \u00c4nderungen bis zu 24 Stunden vor dem Ankunftsdatum erhebt die Einrichtung keine Geb\u00fchren.<br \/>- Im Falle einer versp\u00e4teten Stornierung oder \u00c4nderung oder bei Nichterscheinen verlangt die Einrichtung 100 % des gesamten Buchungsbetrags.<\/p><p>\u00a0<\/p><p><strong>Per Scheck\u00a0<\/strong>:<\/p><p>\u00a0<\/p><p>- Bei mehr als 21 Tagen wird die Anzahlung zur\u00fcckerstattet.<br \/>- Bei weniger als 21 Tagen vor dem Ankunftsdatum wird die gesamte Anzahlung unabh\u00e4ngig vom Grund der Stornierung einbehalten.<\/p><p>\u00a0<\/p><p><strong>No-show \/ Nichterscheinen im Hotel :<\/strong><\/p><p>\u00a0<\/p><p>Es handelt sich um eine Verpflichtung, das Zimmer des Gastes bis zum Morgen nach dem Ankunftsdatum zu halten. Der Gast erkl\u00e4rt sich damit einverstanden, dass seine Kartennummer automatisch mit dem Zimmerpreis belastet wird, wenn er nicht 24 Stunden vor dem geplanten Anreisetag anreist und storniert.\u00a0<\/p><p>\u00a0<\/p><p><strong>VERK\u00dcRZTER AUFENTHALT :<\/strong><\/p><p>\u00a0<\/p><p>F\u00fcr jede Unterbrechung des Aufenthalts, die nicht am Tag vor der geplanten Abreise gemeldet wird, berechnet das Hotel als Entsch\u00e4digung den Wert einer \u00dcbernachtung.<\/p>\t\t\t\t\t\t\t\t<\/div>\n\t\t\t\t<\/div>\n\t\t\t\t\t<\/div>\n\t\t<\/div>\n\t\t\t\t\t<\/div>\n\t\t<\/section>\n\t\t\t\t\t<\/div>\n\t\t<\/div>\n\t\t\t\t\t<\/div>\n\t\t<\/section>\n\t\t\t\t<\/div>","protected":false},"excerpt":{"rendered":"<p>Alle unsere Zimmer sind mit Dusche und\/oder Bad, WC, Haartrockner, Flachbildfernseher, Telefon, Wifi, Safe, Minibar und H\u00f6flichkeitstablett ausgestattet. (*) Bad, Wohnzimmer. Angenehmes Zimmer mit Blick auf die Landmarke Pointe St-Mathieu. Auf Anfrage kann ein Babybett zur Verf\u00fcgung gestellt werden. (**) Privates Badezimmer mit Dusche, gro\u00dfe Badewanne in der [...].<\/p>","protected":false},"author":6,"featured_media":0,"parent":0,"menu_order":15,"comment_status":"closed","ping_status":"closed","template":"","meta":{"inline_featured_image":false,"footnotes":""},"class_list":["post-193","page","type-page","status-publish","hentry"],"_links":{"self":[{"href":"https:\/\/www.pointe-saint-mathieu.com\/de\/wp-json\/wp\/v2\/pages\/193","targetHints":{"allow":["GET"]}}],"collection":[{"href":"https:\/\/www.pointe-saint-mathieu.com\/de\/wp-json\/wp\/v2\/pages"}],"about":[{"href":"https:\/\/www.pointe-saint-mathieu.com\/de\/wp-json\/wp\/v2\/types\/page"}],"author":[{"embeddable":true,"href":"https:\/\/www.pointe-saint-mathieu.com\/de\/wp-json\/wp\/v2\/users\/6"}],"replies":[{"embeddable":true,"href":"https:\/\/www.pointe-saint-mathieu.com\/de\/wp-json\/wp\/v2\/comments?post=193"}],"version-history":[{"count":10,"href":"https:\/\/www.pointe-saint-mathieu.com\/de\/wp-json\/wp\/v2\/pages\/193\/revisions"}],"predecessor-version":[{"id":6011,"href":"https:\/\/www.pointe-saint-mathieu.com\/de\/wp-json\/wp\/v2\/pages\/193\/revisions\/6011"}],"wp:attachment":[{"href":"https:\/\/www.pointe-saint-mathieu.com\/de\/wp-json\/wp\/v2\/media?parent=193"}],"curies":[{"name":"wp","href":"https:\/\/api.w.org\/{rel}","templated":true}]}}