{"id":179,"date":"2022-09-12T11:43:28","date_gmt":"2022-09-12T09:43:30","guid":{"rendered":"https:\/\/www.pointe-saint-mathieu.com\/nos-autres-etablissements\/"},"modified":"2025-06-03T14:23:09","modified_gmt":"2025-06-03T12:23:09","slug":"unsere-anderen-einrichtungen-hostellerie-pointe-saint-mathieu","status":"publish","type":"page","link":"https:\/\/www.pointe-saint-mathieu.com\/de\/unsere-anderen-einrichtungen-hostellerie-pointe-saint-mathieu\/","title":{"rendered":"Unsere anderen Einrichtungen - Hostellerie Pointe Saint Mathieu"},"content":{"rendered":"<div data-elementor-type=\"wp-page\" data-elementor-id=\"179\" class=\"elementor elementor-179\" data-elementor-post-type=\"page\">\n\t\t\t\t\t\t<section class=\"elementor-section elementor-top-section elementor-element elementor-element-d0b0aca elementor-section-full_width elementor-section-height-default elementor-section-height-default\" data-id=\"d0b0aca\" data-element_type=\"section\" data-settings=\"{&quot;background_background&quot;:&quot;classic&quot;}\">\n\t\t\t\t\t\t<div class=\"elementor-container elementor-column-gap-default\">\n\t\t\t\t\t<div class=\"elementor-column elementor-col-100 elementor-top-column elementor-element elementor-element-ae4f258\" data-id=\"ae4f258\" data-element_type=\"column\">\n\t\t\t<div class=\"elementor-widget-wrap elementor-element-populated\">\n\t\t\t\t\t\t<div class=\"elementor-element elementor-element-acafb7a elementor--h-position-center elementor--v-position-middle elementor-arrows-position-inside elementor-pagination-position-inside elementor-widget elementor-widget-slides\" data-id=\"acafb7a\" data-element_type=\"widget\" data-settings=\"{&quot;navigation&quot;:&quot;both&quot;,&quot;autoplay&quot;:&quot;yes&quot;,&quot;pause_on_hover&quot;:&quot;yes&quot;,&quot;pause_on_interaction&quot;:&quot;yes&quot;,&quot;autoplay_speed&quot;:5000,&quot;infinite&quot;:&quot;yes&quot;,&quot;transition&quot;:&quot;slide&quot;,&quot;transition_speed&quot;:500}\" data-widget_type=\"slides.default\">\n\t\t\t\t<div class=\"elementor-widget-container\">\n\t\t\t\t\t\t\t\t\t<div class=\"elementor-swiper\">\n\t\t\t\t\t<div class=\"elementor-slides-wrapper elementor-main-swiper swiper\" role=\"region\" aria-roledescription=\"carousel\" aria-label=\"Folien\" dir=\"ltr\" data-animation=\"fadeInUp\">\n\t\t\t\t<div class=\"swiper-wrapper elementor-slides\">\n\t\t\t\t\t\t\t\t\t\t<div class=\"elementor-repeater-item-2869216 swiper-slide\" role=\"group\" aria-roledescription=\"slide\"><div class=\"swiper-slide-bg\" role=\"img\" aria-label=\"hotel vent d iroise au\u00dfen (32)-min\"><\/div><div class=\"elementor-background-overlay\"><\/div><div class=\"swiper-slide-inner\" ><div class=\"swiper-slide-contents\"><\/div><\/div><\/div>\t\t\t\t<\/div>\n\t\t\t\t\t\t\t<\/div>\n\t\t\t\t<\/div>\n\t\t\t\t\t\t\t\t<\/div>\n\t\t\t\t<\/div>\n\t\t\t\t<section class=\"elementor-section elementor-inner-section elementor-element elementor-element-b01ab0b section-pres-header elementor-section-boxed elementor-section-height-default elementor-section-height-default\" data-id=\"b01ab0b\" data-element_type=\"section\">\n\t\t\t\t\t\t<div class=\"elementor-container elementor-column-gap-default\">\n\t\t\t\t\t<div class=\"elementor-column elementor-col-100 elementor-inner-column elementor-element elementor-element-ed31ed1 section-pres-header\" data-id=\"ed31ed1\" data-element_type=\"column\">\n\t\t\t<div class=\"elementor-widget-wrap elementor-element-populated\">\n\t\t\t\t\t\t<div class=\"elementor-element elementor-element-4220ae3 elementor-widget elementor-widget-image\" data-id=\"4220ae3\" data-element_type=\"widget\" data-widget_type=\"image.default\">\n\t\t\t\t<div class=\"elementor-widget-container\">\n\t\t\t\t\t\t\t\t\t\t\t\t\t\t\t<img decoding=\"async\" src=\"https:\/\/www.pointe-saint-mathieu.com\/wp-content\/uploads\/2022\/09\/Groupe-2.svg\" title=\"Gruppe 2\" alt=\"Gruppe 2\" loading=\"lazy\" \/>\t\t\t\t\t\t\t\t\t\t\t\t\t\t\t<\/div>\n\t\t\t\t<\/div>\n\t\t\t\t<div class=\"elementor-element elementor-element-ae2daa0 elementor-widget elementor-widget-heading\" data-id=\"ae2daa0\" data-element_type=\"widget\" data-widget_type=\"heading.default\">\n\t\t\t\t<div class=\"elementor-widget-container\">\n\t\t\t\t\t<h1 class=\"elementor-heading-title elementor-size-default\">Unsere anderen <br \/>Einrichtungen<\/h1>\t\t\t\t<\/div>\n\t\t\t\t<\/div>\n\t\t\t\t<div class=\"elementor-element elementor-element-a010834 elementor-view-default elementor-widget elementor-widget-icon\" data-id=\"a010834\" data-element_type=\"widget\" data-widget_type=\"icon.default\">\n\t\t\t\t<div class=\"elementor-widget-container\">\n\t\t\t\t\t\t\t<div class=\"elementor-icon-wrapper\">\n\t\t\t<a class=\"elementor-icon\" href=\"#ecran2\">\n\t\t\t<svg xmlns=\"http:\/\/www.w3.org\/2000\/svg\" width=\"32\" height=\"32\" viewbox=\"0 0 32 32\"><g id=\"Groupe_398\" data-name=\"Groupe 398\" transform=\"translate(-3721 659) rotate(-90)\" style=\"isolation: isolate\"><path id=\"Trac&#xE9;_19\" data-name=\"Trac&#xE9; 19\" d=\"M169.587,338.471c-1.056-.169-11.187,4.629-13.209,5.594a.516.516,0,0,0-.013.991c5.346,2.816,11.566,5.607,13.078,5.607a.4.4,0,0,0,.13-.013c1.056-.169-.951-4.345-.951-6.089C168.811,342.908,170.656,338.64,169.587,338.471Z\" transform=\"translate(478.332 3392.451)\" fill=\"#fff\"><\/path><g id=\"Ellipse_1\" data-name=\"Ellipse 1\" transform=\"translate(627 3721)\" fill=\"none\" stroke=\"#fff\" stroke-width=\"1\"><circle cx=\"16\" cy=\"16\" r=\"16\" stroke=\"none\"><\/circle><circle cx=\"16\" cy=\"16\" r=\"15.5\" fill=\"none\"><\/circle><\/g><\/g><\/svg>\t\t\t<\/a>\n\t\t<\/div>\n\t\t\t\t\t\t<\/div>\n\t\t\t\t<\/div>\n\t\t\t\t\t<\/div>\n\t\t<\/div>\n\t\t\t\t\t<\/div>\n\t\t<\/section>\n\t\t\t\t\t<\/div>\n\t\t<\/div>\n\t\t\t\t\t<\/div>\n\t\t<\/section>\n\t\t\t\t<section class=\"elementor-section elementor-top-section elementor-element elementor-element-4ab1c17 elementor-section-boxed elementor-section-height-default elementor-section-height-default\" data-id=\"4ab1c17\" data-element_type=\"section\" id=\"ecran2\" data-settings=\"{&quot;background_background&quot;:&quot;classic&quot;}\">\n\t\t\t\t\t\t<div class=\"elementor-container elementor-column-gap-default\">\n\t\t\t\t\t<div class=\"elementor-column elementor-col-100 elementor-top-column elementor-element elementor-element-c950d3c\" data-id=\"c950d3c\" data-element_type=\"column\">\n\t\t\t<div class=\"elementor-widget-wrap elementor-element-populated\">\n\t\t\t\t\t\t<div class=\"elementor-element elementor-element-96a2b02 elementor-widget elementor-widget-heading\" data-id=\"96a2b02\" data-element_type=\"widget\" data-widget_type=\"heading.default\">\n\t\t\t\t<div class=\"elementor-widget-container\">\n\t\t\t\t\t<h2 class=\"elementor-heading-title elementor-size-default\">Charmante Unterk\u00fcnfte<\/h2>\t\t\t\t<\/div>\n\t\t\t\t<\/div>\n\t\t\t\t<div class=\"elementor-element elementor-element-f4b7795 elementor-widget elementor-widget-heading\" data-id=\"f4b7795\" data-element_type=\"widget\" data-widget_type=\"heading.default\">\n\t\t\t\t<div class=\"elementor-widget-container\">\n\t\t\t\t\t<h3 class=\"elementor-heading-title elementor-size-default\">In der N\u00e4he der Hostellerie Pointe Saint Mathieu<\/h3>\t\t\t\t<\/div>\n\t\t\t\t<\/div>\n\t\t\t\t<section class=\"elementor-section elementor-inner-section elementor-element elementor-element-b25093a elementor-section-boxed elementor-section-height-default elementor-section-height-default\" data-id=\"b25093a\" data-element_type=\"section\">\n\t\t\t\t\t\t<div class=\"elementor-container elementor-column-gap-default\">\n\t\t\t\t\t<div class=\"elementor-column elementor-col-100 elementor-inner-column elementor-element elementor-element-c795ef0\" data-id=\"c795ef0\" data-element_type=\"column\">\n\t\t\t<div class=\"elementor-widget-wrap elementor-element-populated\">\n\t\t\t\t\t\t<div class=\"elementor-element elementor-element-38052a9 elementor-widget elementor-widget-text-editor\" data-id=\"38052a9\" data-element_type=\"widget\" data-settings=\"{&quot;_animation&quot;:&quot;none&quot;}\" data-widget_type=\"text-editor.default\">\n\t\t\t\t<div class=\"elementor-widget-container\">\n\t\t\t\t\t\t\t\t\t<p>Mit seinem einzigartigen Licht und seiner traumhaften Lage zwischen Land und Ozean bietet der Ort Pointe Saint Mathieu einen idealen Rahmen, um seine Koffer abzustellen.\u00a0<\/p>\t\t\t\t\t\t\t\t<\/div>\n\t\t\t\t<\/div>\n\t\t\t\t\t<\/div>\n\t\t<\/div>\n\t\t\t\t\t<\/div>\n\t\t<\/section>\n\t\t\t\t\t<\/div>\n\t\t<\/div>\n\t\t\t\t\t<\/div>\n\t\t<\/section>\n\t\t\t\t<section class=\"elementor-section elementor-top-section elementor-element elementor-element-12710c8 elementor-section-full_width elementor-section-height-min-height elementor-section-height-default elementor-section-items-middle\" data-id=\"12710c8\" data-element_type=\"section\" data-settings=\"{&quot;background_background&quot;:&quot;classic&quot;}\">\n\t\t\t\t\t\t<div class=\"elementor-container elementor-column-gap-default\">\n\t\t\t\t\t<div class=\"elementor-column elementor-col-100 elementor-top-column elementor-element elementor-element-9198136\" data-id=\"9198136\" data-element_type=\"column\">\n\t\t\t<div class=\"elementor-widget-wrap\">\n\t\t\t\t\t\t\t<\/div>\n\t\t<\/div>\n\t\t\t\t\t<\/div>\n\t\t<\/section>\n\t\t\t\t<section class=\"elementor-section elementor-top-section elementor-element elementor-element-1a4e234 elementor-section-content-middle section-2photos-text elementor-section-boxed elementor-section-height-default elementor-section-height-default\" data-id=\"1a4e234\" data-element_type=\"section\">\n\t\t\t\t\t\t<div class=\"elementor-container elementor-column-gap-default\">\n\t\t\t\t\t<div class=\"elementor-column elementor-col-33 elementor-top-column elementor-element elementor-element-7752242 elementor-hidden-tablet col-30\" data-id=\"7752242\" data-element_type=\"column\">\n\t\t\t<div class=\"elementor-widget-wrap elementor-element-populated\">\n\t\t\t\t\t\t<div class=\"elementor-element elementor-element-196ef8b elementor-hidden-mobile elementor-widget elementor-widget-image\" data-id=\"196ef8b\" data-element_type=\"widget\" data-widget_type=\"image.default\">\n\t\t\t\t<div class=\"elementor-widget-container\">\n\t\t\t\t\t\t\t\t\t\t\t\t\t\t\t<img decoding=\"async\" src=\"https:\/\/www.pointe-saint-mathieu.com\/wp-content\/uploads\/elementor\/thumbs\/846bb5a89f1d5d0719a243f739b5a27bb24ba1bd-r7vmdb8zb9wnh4hn8rycrxp1hznn3xomrocjwi6nes.jpeg\" title=\"846bb5a89f1d5d0719a243f739b5a27bb24ba1bd\" alt=\"846bb5a89f1d5d0719a243f739b5a27bb24ba1bd\" loading=\"lazy\" \/>\t\t\t\t\t\t\t\t\t\t\t\t\t\t\t<\/div>\n\t\t\t\t<\/div>\n\t\t\t\t\t<\/div>\n\t\t<\/div>\n\t\t\t\t<div class=\"elementor-column elementor-col-33 elementor-top-column elementor-element elementor-element-47ad421\" data-id=\"47ad421\" data-element_type=\"column\">\n\t\t\t<div class=\"elementor-widget-wrap elementor-element-populated\">\n\t\t\t\t\t\t<div class=\"elementor-element elementor-element-6121fcf elementor-widget elementor-widget-image\" data-id=\"6121fcf\" data-element_type=\"widget\" data-widget_type=\"image.default\">\n\t\t\t\t<div class=\"elementor-widget-container\">\n\t\t\t\t\t\t\t\t\t\t\t\t\t\t\t<img decoding=\"async\" src=\"https:\/\/www.pointe-saint-mathieu.com\/wp-content\/uploads\/elementor\/thumbs\/hotel-vent-d-iroise-exterieur-5-min-scaled-r7vmd9dfbhgq7sbyjdg3kfr7p6gzpk9oxqm59c3yq8.jpg\" title=\"hotel vent d iroise au\u00dfen (5)-min\" alt=\"hotel vent d iroise au\u00dfen (5)-min\" loading=\"lazy\" \/>\t\t\t\t\t\t\t\t\t\t\t\t\t\t\t<\/div>\n\t\t\t\t<\/div>\n\t\t\t\t\t<\/div>\n\t\t<\/div>\n\t\t\t\t<div class=\"elementor-column elementor-col-33 elementor-top-column elementor-element elementor-element-d1ef051 col-30\" data-id=\"d1ef051\" data-element_type=\"column\">\n\t\t\t<div class=\"elementor-widget-wrap elementor-element-populated\">\n\t\t\t\t\t\t<section class=\"elementor-section elementor-inner-section elementor-element elementor-element-b12db2f section-text-right elementor-section-boxed elementor-section-height-default elementor-section-height-default\" data-id=\"b12db2f\" data-element_type=\"section\" data-settings=\"{&quot;animation&quot;:&quot;none&quot;,&quot;background_background&quot;:&quot;classic&quot;}\">\n\t\t\t\t\t\t<div class=\"elementor-container elementor-column-gap-default\">\n\t\t\t\t\t<div class=\"elementor-column elementor-col-100 elementor-inner-column elementor-element elementor-element-9eaafd0\" data-id=\"9eaafd0\" data-element_type=\"column\" data-settings=\"{&quot;background_background&quot;:&quot;classic&quot;,&quot;animation&quot;:&quot;none&quot;,&quot;animation_delay&quot;:300}\">\n\t\t\t<div class=\"elementor-widget-wrap elementor-element-populated\">\n\t\t\t\t\t\t<div class=\"elementor-element elementor-element-690ce88 elementor-widget elementor-widget-image\" data-id=\"690ce88\" data-element_type=\"widget\" data-widget_type=\"image.default\">\n\t\t\t\t<div class=\"elementor-widget-container\">\n\t\t\t\t\t\t\t\t\t\t\t\t\t\t\t<img fetchpriority=\"high\" decoding=\"async\" width=\"800\" height=\"537\" src=\"https:\/\/www.pointe-saint-mathieu.com\/wp-content\/uploads\/2022\/09\/Groupe-284.svg\" class=\"attachment-large size-large wp-image-1815\" alt=\"\" title=\"Foto -\">\t\t\t\t\t\t\t\t\t\t\t\t\t\t\t<\/div>\n\t\t\t\t<\/div>\n\t\t\t\t<div class=\"elementor-element elementor-element-1172e7c elementor-widget elementor-widget-heading\" data-id=\"1172e7c\" data-element_type=\"widget\" data-settings=\"{&quot;_animation&quot;:&quot;none&quot;,&quot;_animation_delay&quot;:400}\" data-widget_type=\"heading.default\">\n\t\t\t\t<div class=\"elementor-widget-container\">\n\t\t\t\t\t<h2 class=\"elementor-heading-title elementor-size-default\">Wind von Iroise<\/h2>\t\t\t\t<\/div>\n\t\t\t\t<\/div>\n\t\t\t\t<div class=\"elementor-element elementor-element-4ea2086 elementor-widget elementor-widget-heading\" data-id=\"4ea2086\" data-element_type=\"widget\" data-widget_type=\"heading.default\">\n\t\t\t\t<div class=\"elementor-widget-container\">\n\t\t\t\t\t<h2 class=\"elementor-heading-title elementor-size-default\">Gem\u00fctlicher Komfort und atemberaubende Aussicht<\/h2>\t\t\t\t<\/div>\n\t\t\t\t<\/div>\n\t\t\t\t<div class=\"elementor-element elementor-element-c769253 elementor-widget elementor-widget-text-editor\" data-id=\"c769253\" data-element_type=\"widget\" data-settings=\"{&quot;_animation&quot;:&quot;none&quot;}\" data-widget_type=\"text-editor.default\">\n\t\t\t\t<div class=\"elementor-widget-container\">\n\t\t\t\t\t\t\t\t\t<p>Das Hotel Vent d'Iroise, das ebenfalls an der au\u00dfergew\u00f6hnlichen Stelle der Pointe Saint Mathieu liegt, l\u00e4dt zu einer bukolischen Kreuzfahrt ein. In einem Dekor wie am Ende der Welt befinden sich 24 Zimmer in zeitgen\u00f6ssischen H\u00e4usern. Einige blicken auf den Garten, andere haben das Meer als Horizont. Alle Zimmer strahlen Komfort und Eleganz aus.<\/p>\t\t\t\t\t\t\t\t<\/div>\n\t\t\t\t<\/div>\n\t\t\t\t<div class=\"elementor-element elementor-element-d79c903 elementor-align-center btn-maillage fond-blanc elementor-mobile-align-center elementor-widget elementor-widget-button\" data-id=\"d79c903\" data-element_type=\"widget\" data-widget_type=\"button.default\">\n\t\t\t\t<div class=\"elementor-widget-container\">\n\t\t\t\t\t\t\t\t\t<div class=\"elementor-button-wrapper\">\n\t\t\t\t\t<a class=\"elementor-button elementor-button-link elementor-size-sm\" href=\"https:\/\/www.hotel-vent-iroise.com\/\" target=\"_blank\" rel=\"nofollow noopener\">\n\t\t\t\t\t\t<span class=\"elementor-button-content-wrapper\">\n\t\t\t\t\t\t\t\t\t<span class=\"elementor-button-text\">Mehr erfahren<\/span>\n\t\t\t\t\t<\/span>\n\t\t\t\t\t<\/a>\n\t\t\t\t<\/div>\n\t\t\t\t\t\t\t\t<\/div>\n\t\t\t\t<\/div>\n\t\t\t\t\t<\/div>\n\t\t<\/div>\n\t\t\t\t\t<\/div>\n\t\t<\/section>\n\t\t\t\t\t<\/div>\n\t\t<\/div>\n\t\t\t\t\t<\/div>\n\t\t<\/section>\n\t\t\t\t<section class=\"elementor-section elementor-top-section elementor-element elementor-element-119827b elementor-section-content-middle section-2photos-text elementor-reverse-mobile elementor-hidden-desktop elementor-hidden-tablet elementor-hidden-mobile elementor-section-boxed elementor-section-height-default elementor-section-height-default\" data-id=\"119827b\" data-element_type=\"section\">\n\t\t\t\t\t\t<div class=\"elementor-container elementor-column-gap-default\">\n\t\t\t\t\t<div class=\"elementor-column elementor-col-33 elementor-top-column elementor-element elementor-element-093d517 col-30\" data-id=\"093d517\" data-element_type=\"column\">\n\t\t\t<div class=\"elementor-widget-wrap elementor-element-populated\">\n\t\t\t\t\t\t<section class=\"elementor-section elementor-inner-section elementor-element elementor-element-e2a82d1 section-text-right elementor-section-boxed elementor-section-height-default elementor-section-height-default\" data-id=\"e2a82d1\" data-element_type=\"section\" data-settings=\"{&quot;animation&quot;:&quot;none&quot;,&quot;background_background&quot;:&quot;classic&quot;}\">\n\t\t\t\t\t\t<div class=\"elementor-container elementor-column-gap-default\">\n\t\t\t\t\t<div class=\"elementor-column elementor-col-100 elementor-inner-column elementor-element elementor-element-744b2f3\" data-id=\"744b2f3\" data-element_type=\"column\" data-settings=\"{&quot;background_background&quot;:&quot;classic&quot;,&quot;animation&quot;:&quot;none&quot;,&quot;animation_delay&quot;:300}\">\n\t\t\t<div class=\"elementor-widget-wrap elementor-element-populated\">\n\t\t\t\t\t\t<div class=\"elementor-element elementor-element-f0b628c elementor-widget elementor-widget-image\" data-id=\"f0b628c\" data-element_type=\"widget\" data-widget_type=\"image.default\">\n\t\t\t\t<div class=\"elementor-widget-container\">\n\t\t\t\t\t\t\t\t\t\t\t\t\t\t\t<img fetchpriority=\"high\" decoding=\"async\" width=\"800\" height=\"537\" src=\"https:\/\/www.pointe-saint-mathieu.com\/wp-content\/uploads\/2022\/09\/Groupe-284.svg\" class=\"attachment-large size-large wp-image-1815\" alt=\"\" title=\"Foto -\">\t\t\t\t\t\t\t\t\t\t\t\t\t\t\t<\/div>\n\t\t\t\t<\/div>\n\t\t\t\t<div class=\"elementor-element elementor-element-73e96be elementor-widget elementor-widget-heading\" data-id=\"73e96be\" data-element_type=\"widget\" data-settings=\"{&quot;_animation&quot;:&quot;none&quot;,&quot;_animation_delay&quot;:400}\" data-widget_type=\"heading.default\">\n\t\t\t\t<div class=\"elementor-widget-container\">\n\t\t\t\t\t<h2 class=\"elementor-heading-title elementor-size-default\">DER BAUERNHOF<\/h2>\t\t\t\t<\/div>\n\t\t\t\t<\/div>\n\t\t\t\t<div class=\"elementor-element elementor-element-a7e3844 elementor-widget elementor-widget-heading\" data-id=\"a7e3844\" data-element_type=\"widget\" data-widget_type=\"heading.default\">\n\t\t\t\t<div class=\"elementor-widget-container\">\n\t\t\t\t\t<h2 class=\"elementor-heading-title elementor-size-default\">Coming soon...<\/h2>\t\t\t\t<\/div>\n\t\t\t\t<\/div>\n\t\t\t\t<div class=\"elementor-element elementor-element-e7a9f25 elementor-align-center btn-maillage fond-blanc elementor-mobile-align-center elementor-hidden-desktop elementor-hidden-tablet elementor-hidden-mobile elementor-widget elementor-widget-button\" data-id=\"e7a9f25\" data-element_type=\"widget\" data-widget_type=\"button.default\">\n\t\t\t\t<div class=\"elementor-widget-container\">\n\t\t\t\t\t\t\t\t\t<div class=\"elementor-button-wrapper\">\n\t\t\t\t\t<a class=\"elementor-button elementor-button-link elementor-size-sm\" href=\"https:\/\/www.hotel-vent-iroise.com\/\" target=\"_blank\" rel=\"nofollow noopener\">\n\t\t\t\t\t\t<span class=\"elementor-button-content-wrapper\">\n\t\t\t\t\t\t\t\t\t<span class=\"elementor-button-text\">Mehr erfahren<\/span>\n\t\t\t\t\t<\/span>\n\t\t\t\t\t<\/a>\n\t\t\t\t<\/div>\n\t\t\t\t\t\t\t\t<\/div>\n\t\t\t\t<\/div>\n\t\t\t\t\t<\/div>\n\t\t<\/div>\n\t\t\t\t\t<\/div>\n\t\t<\/section>\n\t\t\t\t\t<\/div>\n\t\t<\/div>\n\t\t\t\t<div class=\"elementor-column elementor-col-33 elementor-top-column elementor-element elementor-element-d603474\" data-id=\"d603474\" data-element_type=\"column\">\n\t\t\t<div class=\"elementor-widget-wrap elementor-element-populated\">\n\t\t\t\t\t\t<div class=\"elementor-element elementor-element-660ebb3 elementor-widget elementor-widget-image\" data-id=\"660ebb3\" data-element_type=\"widget\" data-widget_type=\"image.default\">\n\t\t\t\t<div class=\"elementor-widget-container\">\n\t\t\t\t\t\t\t\t\t\t\t\t\t\t\t<img decoding=\"async\" src=\"https:\/\/www.pointe-saint-mathieu.com\/wp-content\/uploads\/elementor\/thumbs\/7b945985e70435b2253461f80549d9321a0b1bb8-r7vmdb93p5jav0988e9cpfa4vy7q4yh5lzx47w16ds.jpeg\" title=\"7b945985e70435b2253461f80549d9321a0b1bb8\" alt=\"7b945985e70435b2253461f80549d9321a0b1bb8\" loading=\"lazy\" \/>\t\t\t\t\t\t\t\t\t\t\t\t\t\t\t<\/div>\n\t\t\t\t<\/div>\n\t\t\t\t\t<\/div>\n\t\t<\/div>\n\t\t\t\t<div class=\"elementor-column elementor-col-33 elementor-top-column elementor-element elementor-element-583406a elementor-hidden-tablet col-30\" data-id=\"583406a\" data-element_type=\"column\">\n\t\t\t<div class=\"elementor-widget-wrap elementor-element-populated\">\n\t\t\t\t\t\t<div class=\"elementor-element elementor-element-2d1c1ac elementor-hidden-mobile elementor-widget elementor-widget-image\" data-id=\"2d1c1ac\" data-element_type=\"widget\" data-widget_type=\"image.default\">\n\t\t\t\t<div class=\"elementor-widget-container\">\n\t\t\t\t\t\t\t\t\t\t\t\t\t\t\t<img decoding=\"async\" src=\"https:\/\/www.pointe-saint-mathieu.com\/wp-content\/uploads\/elementor\/thumbs\/846bb5a89f1d5d0719a243f739b5a27bb24ba1bd-r7vmdb8zb9wnh4hn8rycrxp1hznn3xomrocjwi6nes.jpeg\" title=\"846bb5a89f1d5d0719a243f739b5a27bb24ba1bd\" alt=\"846bb5a89f1d5d0719a243f739b5a27bb24ba1bd\" loading=\"lazy\" \/>\t\t\t\t\t\t\t\t\t\t\t\t\t\t\t<\/div>\n\t\t\t\t<\/div>\n\t\t\t\t\t<\/div>\n\t\t<\/div>\n\t\t\t\t\t<\/div>\n\t\t<\/section>\n\t\t\t\t<\/div>","protected":false},"excerpt":{"rendered":"<p>Unsere anderen Einrichtungen Charmante Unterk\u00fcnfte In der N\u00e4he der Hostellerie Pointe Saint Mathieu Mit seinem einzigartigen Licht und seiner traumhaften Lage zwischen Land und Ozean bietet der Ort Pointe Saint Mathieu einen idealen Rahmen, um seine Koffer zu packen.  Vent d'iroise Gem\u00fctlicher Komfort und eine atemberaubende Aussicht Ebenfalls auf dem au\u00dfergew\u00f6hnlichen Gel\u00e4nde von [...].<\/p>","protected":false},"author":6,"featured_media":0,"parent":0,"menu_order":8,"comment_status":"closed","ping_status":"closed","template":"","meta":{"inline_featured_image":false,"footnotes":""},"class_list":["post-179","page","type-page","status-publish","hentry"],"_links":{"self":[{"href":"https:\/\/www.pointe-saint-mathieu.com\/de\/wp-json\/wp\/v2\/pages\/179","targetHints":{"allow":["GET"]}}],"collection":[{"href":"https:\/\/www.pointe-saint-mathieu.com\/de\/wp-json\/wp\/v2\/pages"}],"about":[{"href":"https:\/\/www.pointe-saint-mathieu.com\/de\/wp-json\/wp\/v2\/types\/page"}],"author":[{"embeddable":true,"href":"https:\/\/www.pointe-saint-mathieu.com\/de\/wp-json\/wp\/v2\/users\/6"}],"replies":[{"embeddable":true,"href":"https:\/\/www.pointe-saint-mathieu.com\/de\/wp-json\/wp\/v2\/comments?post=179"}],"version-history":[{"count":329,"href":"https:\/\/www.pointe-saint-mathieu.com\/de\/wp-json\/wp\/v2\/pages\/179\/revisions"}],"predecessor-version":[{"id":7778,"href":"https:\/\/www.pointe-saint-mathieu.com\/de\/wp-json\/wp\/v2\/pages\/179\/revisions\/7778"}],"wp:attachment":[{"href":"https:\/\/www.pointe-saint-mathieu.com\/de\/wp-json\/wp\/v2\/media?parent=179"}],"curies":[{"name":"wp","href":"https:\/\/api.w.org\/{rel}","templated":true}]}}