{"id":1676,"date":"2022-09-15T15:56:57","date_gmt":"2022-09-15T13:56:57","guid":{"rendered":"https:\/\/www.pointe-saint-mathieu.com\/?page_id=1676"},"modified":"2022-10-04T16:27:37","modified_gmt":"2022-10-04T14:27:37","slug":"site-map","status":"publish","type":"page","link":"https:\/\/www.pointe-saint-mathieu.com\/de\/site-map\/","title":{"rendered":"Sitemap"},"content":{"rendered":"<div data-elementor-type=\"wp-page\" data-elementor-id=\"1676\" class=\"elementor elementor-1676\" data-elementor-post-type=\"page\">\n\t\t\t\t\t\t<section class=\"elementor-section elementor-top-section elementor-element elementor-element-8d737ff elementor-section-full_width elementor-section-height-default elementor-section-height-default\" data-id=\"8d737ff\" data-element_type=\"section\" data-settings=\"{&quot;background_background&quot;:&quot;classic&quot;}\">\n\t\t\t\t\t\t\t<div class=\"elementor-background-overlay\"><\/div>\n\t\t\t\t\t\t\t<div class=\"elementor-container elementor-column-gap-default\">\n\t\t\t\t\t<div class=\"elementor-column elementor-col-100 elementor-top-column elementor-element elementor-element-fffd298\" data-id=\"fffd298\" data-element_type=\"column\">\n\t\t\t<div class=\"elementor-widget-wrap elementor-element-populated\">\n\t\t\t\t\t\t<section class=\"elementor-section elementor-inner-section elementor-element elementor-element-efaa533 elementor-section-full_width elementor-section-height-default elementor-section-height-default\" data-id=\"efaa533\" data-element_type=\"section\" data-settings=\"{&quot;background_background&quot;:&quot;classic&quot;}\">\n\t\t\t\t\t\t\t<div class=\"elementor-background-overlay\"><\/div>\n\t\t\t\t\t\t\t<div class=\"elementor-container elementor-column-gap-default\">\n\t\t\t\t\t<div class=\"elementor-column elementor-col-100 elementor-inner-column elementor-element elementor-element-759ff2c\" data-id=\"759ff2c\" data-element_type=\"column\">\n\t\t\t<div class=\"elementor-widget-wrap elementor-element-populated\">\n\t\t\t\t\t\t<div class=\"elementor-element elementor-element-2f7a136 elementor-widget elementor-widget-theme-post-title elementor-page-title elementor-widget-heading\" data-id=\"2f7a136\" data-element_type=\"widget\" data-widget_type=\"theme-post-title.default\">\n\t\t\t\t<div class=\"elementor-widget-container\">\n\t\t\t\t\t<h1 class=\"elementor-heading-title elementor-size-default\">Sitemap<\/h1>\t\t\t\t<\/div>\n\t\t\t\t<\/div>\n\t\t\t\t\t<\/div>\n\t\t<\/div>\n\t\t\t\t\t<\/div>\n\t\t<\/section>\n\t\t\t\t<section class=\"elementor-section elementor-inner-section elementor-element elementor-element-fdc9474 elementor-section-boxed elementor-section-height-default elementor-section-height-default\" data-id=\"fdc9474\" data-element_type=\"section\">\n\t\t\t\t\t\t<div class=\"elementor-container elementor-column-gap-default\">\n\t\t\t\t\t<div class=\"elementor-column elementor-col-100 elementor-inner-column elementor-element elementor-element-475cb12\" data-id=\"475cb12\" data-element_type=\"column\">\n\t\t\t<div class=\"elementor-widget-wrap elementor-element-populated\">\n\t\t\t\t\t\t<div class=\"elementor-element elementor-element-1830b54 elementor-widget elementor-widget-text-editor\" data-id=\"1830b54\" data-element_type=\"widget\" data-widget_type=\"text-editor.default\">\n\t\t\t\t<div class=\"elementor-widget-container\">\n\t\t\t\t\t\t\t\t\tAn der Spitze der Bretagne, gegen\u00fcber den Inseln Ouessant und Mol\u00e8ne, empf\u00e4ngt Sie das 4-Sterne-Hotel l'Hostellerie de la Pointe Saint Mathieu. Mit einem Gourmetrestaurant, einem Spa und drei Tagungsr\u00e4umen bietet es einen einzigartigen Rahmen, um in der Region Finist\u00e8re neue Energie zu tanken. Besuchen Sie unsere Seite \"Home\", um mehr zu erfahren :\t\t\t\t\t\t\t\t<\/div>\n\t\t\t\t<\/div>\n\t\t\t\t<div class=\"elementor-element elementor-element-3265b7f elementor-widget elementor-widget-sitemap\" data-id=\"3265b7f\" data-element_type=\"widget\" data-widget_type=\"sitemap.default\">\n\t\t\t\t<div class=\"elementor-widget-container\">\n\t\t\t\t\t<div class=\"elementor-sitemap-wrap\"><div class=\"elementor-sitemap-section\"><h2 class=\"elementor-sitemap-title elementor-sitemap-page-title\">Seiten<\/h2><ul class=\"elementor-sitemap-list elementor-sitemap-page-list\"><li class=\"elementor-sitemap-item elementor-sitemap-item-page page_item page-item-32\"><a href=\"https:\/\/www.pointe-saint-mathieu.com\/de\/\">Unser Haus - Hostellerie de la Pointe Saint Mathieu<\/a><\/li><li class=\"elementor-sitemap-item elementor-sitemap-item-page page_item page-item-169\"><a href=\"https:\/\/www.pointe-saint-mathieu.com\/de\/zimmer-suites-pointe-st-mathieu\/\">Zimmer &amp; Suiten - Pointe st mathieu<\/a><\/li><li class=\"elementor-sitemap-item elementor-sitemap-item-page page_item page-item-171\"><a href=\"https:\/\/www.pointe-saint-mathieu.com\/de\/restaurant-pointe-st-mathieu\/\">Gourmet-Restaurant Pointe St Mathieu<\/a><\/li><li class=\"elementor-sitemap-item elementor-sitemap-item-page page_item page-item-175\"><a href=\"https:\/\/www.pointe-saint-mathieu.com\/de\/pointe-saint-mathieu-spa\/\">Pointe saint mathieu Spa Nuxe<\/a><\/li><li class=\"elementor-sitemap-item elementor-sitemap-item-page page_item page-item-177\"><a href=\"https:\/\/www.pointe-saint-mathieu.com\/de\/das-haus-von-pointe-saint-mathieu-restaurant\/\">La Maison du Phare - Pointe Saint Mathieu Restaurant<\/a><\/li><li class=\"elementor-sitemap-item elementor-sitemap-item-page page_item page-item-179\"><a href=\"https:\/\/www.pointe-saint-mathieu.com\/de\/unsere-anderen-einrichtungen-hostellerie-pointe-saint-mathieu\/\">Unsere anderen Einrichtungen - Hostellerie Pointe Saint Mathieu<\/a><\/li><li class=\"elementor-sitemap-item elementor-sitemap-item-page page_item page-item-181\"><a href=\"https:\/\/www.pointe-saint-mathieu.com\/de\/seminare-hotel-pointe-saint-matthieu\/\">Seminare - Hotel Pointe Saint Mathieu<\/a><\/li><li class=\"elementor-sitemap-item elementor-sitemap-item-page page_item page-item-183\"><a href=\"https:\/\/www.pointe-saint-mathieu.com\/de\/erfahrungen-hostellerie-de-la-pointe-st-mathieu\/\">Erlebnisse - Hostellerie de la Pointe St Mathieu<\/a><\/li><li class=\"elementor-sitemap-item elementor-sitemap-item-page page_item page-item-173\"><a href=\"https:\/\/www.pointe-saint-mathieu.com\/de\/bistro-1954\/\">Bistro 1954<\/a><\/li><li class=\"elementor-sitemap-item elementor-sitemap-item-page page_item page-item-185\"><a href=\"https:\/\/www.pointe-saint-mathieu.com\/de\/zugang-kontakt\/\">Zugang &amp; Kontakt<\/a><\/li><li class=\"elementor-sitemap-item elementor-sitemap-item-page page_item page-item-187\"><a href=\"https:\/\/www.pointe-saint-mathieu.com\/de\/foto-galerie\/\">Fotogalerie<\/a><\/li><li class=\"elementor-sitemap-item elementor-sitemap-item-page page_item page-item-189\"><a href=\"https:\/\/www.pointe-saint-mathieu.com\/de\/rekrutierung\/\">Rekrutierung<\/a><\/li><li class=\"elementor-sitemap-item elementor-sitemap-item-page page_item page-item-191\"><a href=\"https:\/\/www.pointe-saint-mathieu.com\/de\/legale-erwahnungen\/\">Rechtliche Hinweise<\/a><\/li><li class=\"elementor-sitemap-item elementor-sitemap-item-page page_item page-item-193\"><a href=\"https:\/\/www.pointe-saint-mathieu.com\/de\/unsere-bedingungen-stornierung\/\">Unsere Stornierungsbedingungen<\/a><\/li><li class=\"elementor-sitemap-item elementor-sitemap-item-page page_item page-item-1676\"><a href=\"https:\/\/www.pointe-saint-mathieu.com\/de\/site-map\/\">Sitemap<\/a><\/li><li class=\"elementor-sitemap-item elementor-sitemap-item-page page_item page-item-3690\"><a href=\"https:\/\/www.pointe-saint-mathieu.com\/de\/pointe-saint-mathieu-spa\/karte-der-pflege\/\">Karte der Pflege<\/a><\/li><li class=\"elementor-sitemap-item elementor-sitemap-item-page page_item page-item-4403\"><a href=\"https:\/\/www.pointe-saint-mathieu.com\/de\/erfahrungen-hostellerie-de-la-pointe-st-mathieu\/pointe-saint-mathieu\/\">Die Spitze Saint-Mathieu<\/a><\/li><li class=\"elementor-sitemap-item elementor-sitemap-item-page page_item page-item-4405\"><a href=\"https:\/\/www.pointe-saint-mathieu.com\/de\/erfahrungen-hostellerie-de-la-pointe-st-mathieu\/conquet-plougonvelin\/\">Le Conquet Bretagne &amp; Plougonvelin<\/a><\/li><li class=\"elementor-sitemap-item elementor-sitemap-item-page page_item page-item-4407\"><a href=\"https:\/\/www.pointe-saint-mathieu.com\/de\/erfahrungen-hostellerie-de-la-pointe-st-mathieu\/aktivitat-brest\/\">T\u00e4tigkeit Brest<\/a><\/li><li class=\"elementor-sitemap-item elementor-sitemap-item-page page_item page-item-4409\"><a href=\"https:\/\/www.pointe-saint-mathieu.com\/de\/erfahrungen-hostellerie-de-la-pointe-st-mathieu\/die-halbinsel-crozon-was-man-in-crozon-besichtigen-kann\/\">La presqu'\u00eele de Crozon - Was kann man in Crozon besichtigen?<\/a><\/li><li class=\"elementor-sitemap-item elementor-sitemap-item-page page_item page-item-4411\"><a href=\"https:\/\/www.pointe-saint-mathieu.com\/de\/erfahrungen-hostellerie-de-la-pointe-st-mathieu\/besuchen-ouessant-molene\/\">Besuchen Sie Ouessant &amp; Mol\u00e8ne<\/a><\/li><li class=\"elementor-sitemap-item elementor-sitemap-item-page page_item page-item-4413\"><a href=\"https:\/\/www.pointe-saint-mathieu.com\/de\/erfahrungen-hostellerie-de-la-pointe-st-mathieu\/aktivitaten-ungewohnlich-in-franzosisch-britannien\/\">Ungew\u00f6hnliche Aktivit\u00e4ten in der Bretagne<\/a><\/li><li class=\"elementor-sitemap-item elementor-sitemap-item-page page_item page-item-4415\"><a href=\"https:\/\/www.pointe-saint-mathieu.com\/de\/erfahrungen-hostellerie-de-la-pointe-st-mathieu\/archipel-von-molene-ausflug\/\">Molene Archipel Ausflug<\/a><\/li><li class=\"elementor-sitemap-item elementor-sitemap-item-page page_item page-item-4417\"><a href=\"https:\/\/www.pointe-saint-mathieu.com\/de\/erfahrungen-hostellerie-de-la-pointe-st-mathieu\/die-kultur-in-landerneau-ausstellung-landerneau\/\">Kultur in Landerneau - Ausstellung Landerneau<\/a><\/li><li class=\"elementor-sitemap-item elementor-sitemap-item-page page_item page-item-4923\"><a href=\"https:\/\/www.pointe-saint-mathieu.com\/de\/bistro-1954\/menu-bistro-1954\/\">Bistro-Men\u00fc 1954<\/a><\/li><li class=\"elementor-sitemap-item elementor-sitemap-item-page page_item page-item-5020\"><a href=\"https:\/\/www.pointe-saint-mathieu.com\/de\/restaurant-pointe-st-mathieu\/menu-restaurant-gastronomisch\/\">Men\u00fc Gourmetrestaurant<\/a><\/li><\/ul><\/div><\/div>\t\t\t\t<\/div>\n\t\t\t\t<\/div>\n\t\t\t\t\t<\/div>\n\t\t<\/div>\n\t\t\t\t\t<\/div>\n\t\t<\/section>\n\t\t\t\t\t<\/div>\n\t\t<\/div>\n\t\t\t\t\t<\/div>\n\t\t<\/section>\n\t\t\t\t<\/div>","protected":false},"excerpt":{"rendered":"<p>An der Spitze der Bretagne, gegen\u00fcber den Inseln Ouessant und Mol\u00e8ne, empf\u00e4ngt Sie das 4-Sterne-Hotel l'Hostellerie de la Pointe Saint Mathieu. Mit einem Gourmetrestaurant, einem Spa und drei Tagungsr\u00e4umen bietet es einen einzigartigen Rahmen, um in der Region Finist\u00e8re neue Energie zu tanken. Besuchen Sie unsere Seite \"Home [...].<\/p>","protected":false},"author":6,"featured_media":0,"parent":0,"menu_order":2,"comment_status":"closed","ping_status":"closed","template":"","meta":{"inline_featured_image":false,"footnotes":""},"class_list":["post-1676","page","type-page","status-publish","hentry"],"_links":{"self":[{"href":"https:\/\/www.pointe-saint-mathieu.com\/de\/wp-json\/wp\/v2\/pages\/1676","targetHints":{"allow":["GET"]}}],"collection":[{"href":"https:\/\/www.pointe-saint-mathieu.com\/de\/wp-json\/wp\/v2\/pages"}],"about":[{"href":"https:\/\/www.pointe-saint-mathieu.com\/de\/wp-json\/wp\/v2\/types\/page"}],"author":[{"embeddable":true,"href":"https:\/\/www.pointe-saint-mathieu.com\/de\/wp-json\/wp\/v2\/users\/6"}],"replies":[{"embeddable":true,"href":"https:\/\/www.pointe-saint-mathieu.com\/de\/wp-json\/wp\/v2\/comments?post=1676"}],"version-history":[{"count":10,"href":"https:\/\/www.pointe-saint-mathieu.com\/de\/wp-json\/wp\/v2\/pages\/1676\/revisions"}],"predecessor-version":[{"id":6008,"href":"https:\/\/www.pointe-saint-mathieu.com\/de\/wp-json\/wp\/v2\/pages\/1676\/revisions\/6008"}],"wp:attachment":[{"href":"https:\/\/www.pointe-saint-mathieu.com\/de\/wp-json\/wp\/v2\/media?parent=1676"}],"curies":[{"name":"wp","href":"https:\/\/api.w.org\/{rel}","templated":true}]}}